{"id":5365,"date":"2024-06-19T12:50:58","date_gmt":"2024-06-19T10:50:58","guid":{"rendered":"https:\/\/estuditardet.com\/politica-de-cookies\/"},"modified":"2024-06-19T12:58:11","modified_gmt":"2024-06-19T10:58:11","slug":"politica-de-cookies","status":"publish","type":"page","link":"https:\/\/estuditardet.com\/es\/politica-de-cookies\/","title":{"rendered":"Pol\u00edtica de cookies"},"content":{"rendered":"<p>En nuestra web utilizamos cookies para mejorar tu experiencia de usuario. Si navegas por nuestro sitio web, estar\u00e1s aceptando el uso de las cookies en las condiciones establecidas en la presente Pol\u00edtica de Cookies. Esta pol\u00edtica puede ser actualizada, por lo que te invitamos a revisarla de forma regular.<\/p>\n<h3><strong>\u00bfQu\u00e9 son y para qu\u00e9 sirven las cookies?<\/strong><\/h3>\n<p>Las Cookies son peque\u00f1os archivos que se instalan en el ordenador o en el dispositivo durante el recorrido por las p\u00e1ginas web\/aplicaciones para mantener un registro de tus preferencias y recordarlas cuando vuelva a visitarnos. El objetivo es facilitar el uso y la navegaci\u00f3n de los usuarios.<\/p>\n<h3><strong>\u00bfC\u00f3mo utilizamos las cookies?<\/strong><\/h3>\n<p>Navegar por esta web supone que se puedan instalar los siguientes tipos de cookies:<\/p>\n<h4><i>Cookies imprescindibles:<\/i><\/h4>\n<p>Son estrictamente necesarias para el funcionamiento de un sitio web. Sin ellas, un sitio web no puede funcionar correctamente. Por ese motivo, no solicitamos su consentimiento expl\u00edcito respecto a estas cookies.<\/p>\n<h4><i>Cookies funcionales:<\/i><\/h4>\n<p>Sirven para mejorar la funcionalidad del sitio web. Se trata, por ejemplo, de cookies que recuerdan el contenido que has visualizado anteriormente en este sitio web o la direcci\u00f3n de correo electr\u00f3nico y la contrase\u00f1a proporcionadas durante el registro en una visita anterior.<\/p>\n<h4><strong><i>Cookies anal\u00edticas propias o de terceros (__utma, __utmb, __utmc, __utmz):<\/i><\/strong><\/h4>\n<p>Nos facilitan informaci\u00f3n estad\u00edstica sobre el uso que los usuarios realizan del portal. Estas cookies no permiten identificar al usuario, puesto que la informaci\u00f3n que recogen es an\u00f3nima y ser\u00e1 utilizada \u00fanicamente para mejora de las p\u00e1ginas y de navegaci\u00f3n por el portal, estad\u00edsticas de uso, velocidad de las b\u00fasquedas, medici\u00f3n de la actividad del sitio web, etc. Esta web utiliza la herramienta gratuita de an\u00e1lisis web Google Analytics. Si quieres m\u00e1s informaci\u00f3n puedes encontrarla aqu\u00ed: <a href=\"https:\/\/developers.google.com\/analytics\/devguides\/collection\/analyticsjs\/cookie-usage\" target=\"_blank\" rel=\"nofollow noopener\">\u00abUso de las cookies de Google Analytics en los sitios web\u00bb<\/a><\/p>\n<h3><strong>\u00bfC\u00f3mo puede evitar que se instalen las cookies?<\/strong><\/h3>\n<p>Puedes permitir, bloquear o eliminar las cookies instaladas en tu equipo mediante la configuraci\u00f3n de las opciones de su navegador de internet. En el caso en que las bloquees, es posible que ciertos servicios que necesitan su uso no est\u00e9n disponibles. A continuaci\u00f3n te ofrecemos enlaces en los que encontrar\u00e1s informaci\u00f3n sobre c\u00f3mo puede activar sus preferencias en los principales navegadores:<\/p>\n<ul>\n<li>Cookies Firefox: <a href=\"https:\/\/support.mozilla.org\/es\/kb\/habilitar-y-deshabilitar-cookies-sitios-web-rastrear-preferencias\" target=\"_blank\" rel=\"nofollow noopener\">Habilitar y deshabilitar cookies en Firefox<\/a><\/li>\n<li>Cookies Chrome: <a href=\"https:\/\/support.google.com\/chrome\/answer\/95647?co=GENIE.Platform%3DDesktop&amp;hl=es\" target=\"_blank\" rel=\"noopener\">Borrar, habilitar y administrar cookies en Chrome<\/a><\/li>\n<li>Cookies IExplorer: <a href=\"https:\/\/support.microsoft.com\/es-es\/help\/17442\/windows-internet-explorer-delete-manage-cookies\" target=\"_blank\" rel=\"nofollow noopener\">Eliminar y administrar cookies en IE<\/a><\/li>\n<li>Cookies Safari:<a href=\"https:\/\/support.apple.com\/es-es\/guide\/safari\/sfri11471\/mac\" target=\"_blank\" rel=\"nofollow noopener\">Safari para Mac: Gestionar cookies y datos de sitios web con Safari<\/a><\/li>\n<li>Cookies Opera: <a href=\"https:\/\/help.opera.com\/en\/latest\/web-preferences\/\" target=\"_blank\" rel=\"noopener\">https:\/\/help.opera.com\/en\/latest\/web-preferences\/<\/a><\/li>\n<\/ul>\n","protected":false},"excerpt":{"rendered":"<p>En nuestra web utilizamos cookies para mejorar tu experiencia de usuario. Si navegas por nuestro sitio web, estar\u00e1s aceptando el [&hellip;]<\/p>\n","protected":false},"author":1,"featured_media":0,"parent":0,"menu_order":0,"comment_status":"closed","ping_status":"closed","template":"","meta":{"inline_featured_image":false,"footnotes":""},"class_list":["post-5365","page","type-page","status-publish","hentry"],"yoast_head":"<!-- This site is optimized with the Yoast SEO plugin v27.4 - https:\/\/yoast.com\/product\/yoast-seo-wordpress\/ -->\n<title>Pol\u00edtica de cookies - Estudi Tardet<\/title>\n<meta name=\"robots\" content=\"index, follow, max-snippet:-1, max-image-preview:large, max-video-preview:-1\" \/>\n<link rel=\"canonical\" href=\"https:\/\/estuditardet.com\/es\/politica-de-cookies\/\" \/>\n<meta property=\"og:locale\" content=\"es_ES\" \/>\n<meta property=\"og:type\" content=\"article\" \/>\n<meta property=\"og:title\" content=\"Pol\u00edtica de cookies - Estudi Tardet\" \/>\n<meta property=\"og:description\" content=\"En nuestra web utilizamos cookies para mejorar tu experiencia de usuario. Si navegas por nuestro sitio web, estar\u00e1s aceptando el [&hellip;]\" \/>\n<meta property=\"og:url\" content=\"https:\/\/estuditardet.com\/es\/politica-de-cookies\/\" \/>\n<meta property=\"og:site_name\" content=\"Estudi Tardet\" \/>\n<meta property=\"article:publisher\" content=\"https:\/\/www.facebook.com\/tardetestudi\/\" \/>\n<meta property=\"article:modified_time\" content=\"2024-06-19T10:58:11+00:00\" \/>\n<meta property=\"og:image\" content=\"https:\/\/estuditardet.com\/wp-content\/uploads\/2024\/01\/tardet-logoTH.png\" \/>\n\t<meta property=\"og:image:width\" content=\"250\" \/>\n\t<meta property=\"og:image:height\" content=\"45\" \/>\n\t<meta property=\"og:image:type\" content=\"image\/png\" \/>\n<meta name=\"twitter:card\" content=\"summary_large_image\" \/>\n<meta name=\"twitter:label1\" content=\"Tiempo de lectura\" \/>\n\t<meta name=\"twitter:data1\" content=\"3 minutos\" \/>\n<script type=\"application\/ld+json\" class=\"yoast-schema-graph\">{\"@context\":\"https:\\\/\\\/schema.org\",\"@graph\":[{\"@type\":\"WebPage\",\"@id\":\"https:\\\/\\\/estuditardet.com\\\/es\\\/politica-de-cookies\\\/\",\"url\":\"https:\\\/\\\/estuditardet.com\\\/es\\\/politica-de-cookies\\\/\",\"name\":\"Pol\u00edtica de cookies - Estudi Tardet\",\"isPartOf\":{\"@id\":\"https:\\\/\\\/estuditardet.com\\\/#website\"},\"datePublished\":\"2024-06-19T10:50:58+00:00\",\"dateModified\":\"2024-06-19T10:58:11+00:00\",\"breadcrumb\":{\"@id\":\"https:\\\/\\\/estuditardet.com\\\/es\\\/politica-de-cookies\\\/#breadcrumb\"},\"inLanguage\":\"es\",\"potentialAction\":[{\"@type\":\"ReadAction\",\"target\":[\"https:\\\/\\\/estuditardet.com\\\/es\\\/politica-de-cookies\\\/\"]}]},{\"@type\":\"BreadcrumbList\",\"@id\":\"https:\\\/\\\/estuditardet.com\\\/es\\\/politica-de-cookies\\\/#breadcrumb\",\"itemListElement\":[{\"@type\":\"ListItem\",\"position\":1,\"name\":\"Inici\",\"item\":\"https:\\\/\\\/estuditardet.com\\\/es\\\/\"},{\"@type\":\"ListItem\",\"position\":2,\"name\":\"Pol\u00edtica de cookies\"}]},{\"@type\":\"WebSite\",\"@id\":\"https:\\\/\\\/estuditardet.com\\\/#website\",\"url\":\"https:\\\/\\\/estuditardet.com\\\/\",\"name\":\"Estudi Tardet\",\"description\":\"Estudi creatiu i estrat&egrave;gic situat al Priorat\",\"publisher\":{\"@id\":\"https:\\\/\\\/estuditardet.com\\\/#organization\"},\"alternateName\":\"Tardet\",\"potentialAction\":[{\"@type\":\"SearchAction\",\"target\":{\"@type\":\"EntryPoint\",\"urlTemplate\":\"https:\\\/\\\/estuditardet.com\\\/?s={search_term_string}\"},\"query-input\":{\"@type\":\"PropertyValueSpecification\",\"valueRequired\":true,\"valueName\":\"search_term_string\"}}],\"inLanguage\":\"es\"},{\"@type\":\"Organization\",\"@id\":\"https:\\\/\\\/estuditardet.com\\\/#organization\",\"name\":\"Estudi Tardet\",\"alternateName\":\"Tardet\",\"url\":\"https:\\\/\\\/estuditardet.com\\\/\",\"logo\":{\"@type\":\"ImageObject\",\"inLanguage\":\"es\",\"@id\":\"https:\\\/\\\/estuditardet.com\\\/#\\\/schema\\\/logo\\\/image\\\/\",\"url\":\"https:\\\/\\\/estuditardet.com\\\/wp-content\\\/uploads\\\/2024\\\/01\\\/tardet-logoTH.png\",\"contentUrl\":\"https:\\\/\\\/estuditardet.com\\\/wp-content\\\/uploads\\\/2024\\\/01\\\/tardet-logoTH.png\",\"width\":250,\"height\":45,\"caption\":\"Estudi Tardet\"},\"image\":{\"@id\":\"https:\\\/\\\/estuditardet.com\\\/#\\\/schema\\\/logo\\\/image\\\/\"},\"sameAs\":[\"https:\\\/\\\/www.facebook.com\\\/tardetestudi\\\/\",\"https:\\\/\\\/www.instagram.com\\\/estuditardet\\\/\",\"https:\\\/\\\/www.linkedin.com\\\/company\\\/86707317\\\/admin\\\/feed\\\/posts\\\/\"]}]}<\/script>\n<!-- \/ Yoast SEO plugin. -->","yoast_head_json":{"title":"Pol\u00edtica de cookies - Estudi Tardet","robots":{"index":"index","follow":"follow","max-snippet":"max-snippet:-1","max-image-preview":"max-image-preview:large","max-video-preview":"max-video-preview:-1"},"canonical":"https:\/\/estuditardet.com\/es\/politica-de-cookies\/","og_locale":"es_ES","og_type":"article","og_title":"Pol\u00edtica de cookies - Estudi Tardet","og_description":"En nuestra web utilizamos cookies para mejorar tu experiencia de usuario. Si navegas por nuestro sitio web, estar\u00e1s aceptando el [&hellip;]","og_url":"https:\/\/estuditardet.com\/es\/politica-de-cookies\/","og_site_name":"Estudi Tardet","article_publisher":"https:\/\/www.facebook.com\/tardetestudi\/","article_modified_time":"2024-06-19T10:58:11+00:00","og_image":[{"width":250,"height":45,"url":"https:\/\/estuditardet.com\/wp-content\/uploads\/2024\/01\/tardet-logoTH.png","type":"image\/png"}],"twitter_card":"summary_large_image","twitter_misc":{"Tiempo de lectura":"3 minutos"},"schema":{"@context":"https:\/\/schema.org","@graph":[{"@type":"WebPage","@id":"https:\/\/estuditardet.com\/es\/politica-de-cookies\/","url":"https:\/\/estuditardet.com\/es\/politica-de-cookies\/","name":"Pol\u00edtica de cookies - Estudi Tardet","isPartOf":{"@id":"https:\/\/estuditardet.com\/#website"},"datePublished":"2024-06-19T10:50:58+00:00","dateModified":"2024-06-19T10:58:11+00:00","breadcrumb":{"@id":"https:\/\/estuditardet.com\/es\/politica-de-cookies\/#breadcrumb"},"inLanguage":"es","potentialAction":[{"@type":"ReadAction","target":["https:\/\/estuditardet.com\/es\/politica-de-cookies\/"]}]},{"@type":"BreadcrumbList","@id":"https:\/\/estuditardet.com\/es\/politica-de-cookies\/#breadcrumb","itemListElement":[{"@type":"ListItem","position":1,"name":"Inici","item":"https:\/\/estuditardet.com\/es\/"},{"@type":"ListItem","position":2,"name":"Pol\u00edtica de cookies"}]},{"@type":"WebSite","@id":"https:\/\/estuditardet.com\/#website","url":"https:\/\/estuditardet.com\/","name":"Estudi Tardet","description":"Estudi creatiu i estrat&egrave;gic situat al Priorat","publisher":{"@id":"https:\/\/estuditardet.com\/#organization"},"alternateName":"Tardet","potentialAction":[{"@type":"SearchAction","target":{"@type":"EntryPoint","urlTemplate":"https:\/\/estuditardet.com\/?s={search_term_string}"},"query-input":{"@type":"PropertyValueSpecification","valueRequired":true,"valueName":"search_term_string"}}],"inLanguage":"es"},{"@type":"Organization","@id":"https:\/\/estuditardet.com\/#organization","name":"Estudi Tardet","alternateName":"Tardet","url":"https:\/\/estuditardet.com\/","logo":{"@type":"ImageObject","inLanguage":"es","@id":"https:\/\/estuditardet.com\/#\/schema\/logo\/image\/","url":"https:\/\/estuditardet.com\/wp-content\/uploads\/2024\/01\/tardet-logoTH.png","contentUrl":"https:\/\/estuditardet.com\/wp-content\/uploads\/2024\/01\/tardet-logoTH.png","width":250,"height":45,"caption":"Estudi Tardet"},"image":{"@id":"https:\/\/estuditardet.com\/#\/schema\/logo\/image\/"},"sameAs":["https:\/\/www.facebook.com\/tardetestudi\/","https:\/\/www.instagram.com\/estuditardet\/","https:\/\/www.linkedin.com\/company\/86707317\/admin\/feed\/posts\/"]}]}},"_links":{"self":[{"href":"https:\/\/estuditardet.com\/es\/wp-json\/wp\/v2\/pages\/5365","targetHints":{"allow":["GET"]}}],"collection":[{"href":"https:\/\/estuditardet.com\/es\/wp-json\/wp\/v2\/pages"}],"about":[{"href":"https:\/\/estuditardet.com\/es\/wp-json\/wp\/v2\/types\/page"}],"author":[{"embeddable":true,"href":"https:\/\/estuditardet.com\/es\/wp-json\/wp\/v2\/users\/1"}],"replies":[{"embeddable":true,"href":"https:\/\/estuditardet.com\/es\/wp-json\/wp\/v2\/comments?post=5365"}],"version-history":[{"count":4,"href":"https:\/\/estuditardet.com\/es\/wp-json\/wp\/v2\/pages\/5365\/revisions"}],"predecessor-version":[{"id":5369,"href":"https:\/\/estuditardet.com\/es\/wp-json\/wp\/v2\/pages\/5365\/revisions\/5369"}],"wp:attachment":[{"href":"https:\/\/estuditardet.com\/es\/wp-json\/wp\/v2\/media?parent=5365"}],"curies":[{"name":"wp","href":"https:\/\/api.w.org\/{rel}","templated":true}]}}