{"id":3952,"date":"2023-12-05T12:42:40","date_gmt":"2023-12-05T11:42:40","guid":{"rendered":"https:\/\/estuditardet.com\/politica-privacidad\/"},"modified":"2024-06-19T13:14:48","modified_gmt":"2024-06-19T11:14:48","slug":"politica-de-privacidad","status":"publish","type":"page","link":"https:\/\/estuditardet.com\/es\/politica-de-privacidad\/","title":{"rendered":"Pol\u00edtica de privacidad y Aviso legal"},"content":{"rendered":"<p>El presente aviso legal (en adelante, el \u00abAviso Legal\u00bb) regula el uso del servicio del portal de Internet www.estuditardet.com es (en adelante, el \u00abWeb\u00bb) de Estudi TARDET con domicilio social en Carrer de Davall, 1, Porta 1A, 43730 Falset, Tarragona; correo hola@estuditardet.com y tel\u00e9fono 618 332 244.<\/p>\n<h3>Legislaci\u00f3n<\/h3>\n<p>Con car\u00e1cter general las relaciones entre Estudi TARDET con los Usuarios de sus servicios telem\u00e1ticos, presentes en la web, se encuentran sometidas a la legislaci\u00f3n y jurisdicci\u00f3n espa\u00f1olas.<br \/>\nLas partes renuncian expresamente al fuero que les pudiera corresponder y someten expresamente a los Juzgados y Tribunales de Tarragona para resolver cualquier controversia que pueda surgir en la interpretaci\u00f3n o ejecuci\u00f3n de las presentes condiciones contractuales.<\/p>\n<h3>Contenido y uso<\/h3>\n<p>El Usuario queda informado, y acepta, que el acceso a la presente web no supone, en modo alguno, el inicio de una relaci\u00f3n comercial con Estudi TARDET.<br \/>\nEl titular del web no se identifica con las opiniones vertidas en el mismo por sus colaboradores. La Empresa se reserva el derecho de efectuar sin previo aviso las modificaciones que considere oportunas en su Web, pudiendo cambiar, suprimir o a\u00f1adir tanto los contenidos y servicios que se presten a trav\u00e9s de la misma como la forma en la que \u00e9stos aparezcan presentados o localizados en sus servidores.<\/p>\n<h3>Propiedad intelectual e industrial<\/h3>\n<p>Los derechos de propiedad intelectual del contenido de las p\u00e1ginas web, su dise\u00f1o gr\u00e1fico y c\u00f3digos son titularidad de Estudi TARDET y, por tanto, queda prohibida su reproducci\u00f3n, distribuci\u00f3n, comunicaci\u00f3n p\u00fablica, transformaci\u00f3n o cualquier otra actividad que se pueda realizar con los contenidos de sus p\u00e1ginas web ni aun citando las fuentes, salvo consentimiento por escrito de Estudi TARDET Todos los nombres comerciales, marcas o signos distintos de cualquier clase contenidos en las p\u00e1ginas web de la Empresa son propiedad de sus due\u00f1os y est\u00e1n protegidos por ley.<\/p>\n<h3>Enlaces (Links)<\/h3>\n<p>La presencia de enlaces (links) en las p\u00e1ginas web de Estudi TARDET tiene finalidad meramente informativa y en ning\u00fan caso supone sugerencia, invitaci\u00f3n o recomendaci\u00f3n sobre los mismos.<\/p>\n<h3>Confidencialidad y Protecci\u00f3n de Datos<\/h3>\n<p>A efecto de lo previsto en RGPD de 27 de abril de 2016, Estudi TARDET informa al Usuario de la existencia de un tratamiento automatizado de datos de car\u00e1cter personal creado por y para Estudi TARDET y bajo su responsabilidad, con la finalidad de realizar el mantenimiento y gesti\u00f3n de la relaci\u00f3n con el Usuario, as\u00ed como las labores de informaci\u00f3n. En el momento de la aceptaci\u00f3n de las presentes condiciones generales, Estudi TARDET precisar\u00e1 del Usuario la recogida de unos datos imprescindibles para la prestaci\u00f3n de sus servicios.<\/p>\n<h3>Registro de ficheros y formularios<\/h3>\n<p>La cumplimentaci\u00f3n del formulario de registro es obligatoria para acceder y disfrutar de determinados servicios ofrecidos en la web. El no facilitar los datos personales solicitados o el no aceptar la presente pol\u00edtica de protecci\u00f3n de datos supone la imposibilidad de suscribirse, registrarse o participar en cualquiera de las promociones en las que se soliciten datos car\u00e1cter personal.<br \/>\nA efecto de lo previsto en RGPD de 27 de abril de 2016, le informamos que los datos personales que se obtengan como consecuencia de su registro como Usuario, ser\u00e1n incorporados a un fichero titularidad de Estudi TARDET con C.I.F B20828729 y domicilio en Carrer de Davall, 1, Porta 1A, 43730 Falset, Tarragona, teniendo implementadas las medidas de seguridad establecidas en el Real Decreto 1720\/2007, de 11 de junio.<\/p>\n<h3>Exactitud y veracidad de los datos facilitados<\/h3>\n<p>El Usuario es el \u00fanico responsable de la veracidad y correcci\u00f3n de los datos incluidos, exoner\u00e1ndose Estudi TARDET de cualquier responsabilidad al respecto. Los usuarios garantizan y responden, en cualquier caso, de la exactitud, vigencia y autenticidad de los datos personales facilitados, y se comprometen a mantenerlos debidamente actualizados. El usuario acepta proporcionar informaci\u00f3n completa y correcta en el formulario de registro o suscripci\u00f3n. Estudi TARDET no responde de la veracidad de las informaciones que no sean de elaboraci\u00f3n propia y de las que se indique otra fuente, por lo que tampoco asume responsabilidad alguna en cuanto a hipot\u00e9ticos perjuicios que pudieran originarse por el uso de dicha informaci\u00f3n. Estudi TARDET se reserva el derecho a actualizar, modificar o eliminar la informaci\u00f3n contenida en sus p\u00e1ginas web pudiendo incluso limitar o no permitir el acceso a dicha informaci\u00f3n. Se exonera a Estudi TARDET de responsabilidad ante cualquier da\u00f1o o perjuicio que pudiera sufrir el Usuario como consecuencia de errores, defectos u omisiones, en la informaci\u00f3n facilitada por Estudi TARDET siempre que proceda de fuentes ajenas a Estudi TARDET.<\/p>\n<h3>Finalidades<\/h3>\n<p>Las finalidades de Estudi TARDET son el mantenimiento y gesti\u00f3n de la relaci\u00f3n con el Usuario, as\u00ed como las labores de informaci\u00f3n.<\/p>\n<h3>Cookies<\/h3>\n<p>El acceso a este sitio puede implicar la utilizaci\u00f3n de cookies. Las cookies son peque\u00f1as cantidades de informaci\u00f3n que se almacenan en el navegador utilizado por cada usuario para que el servidor recuerde cierta informaci\u00f3n que posteriormente pueda utilizar. Esta informaci\u00f3n permite identificarle a usted como un usuario concreto y permite guardar sus preferencias personales, as\u00ed como informaci\u00f3n t\u00e9cnica como puedan ser visitas o p\u00e1ginas concretas que visite. (<a href=\"https:\/\/estuditardet.com\/es\/politica-de-cookies\/\" target=\"_blank\" rel=\"noopener\">m\u00e1s informaci\u00f3n<\/a>)<\/p>\n<h3>Menores de edad<\/h3>\n<p>En el supuesto que algunos de nuestros servicios vayan dirigidos espec\u00edficamente a menores de edad, Estudi TARDET solicitar\u00e1 la conformidad de los padres o tutores para la recogida de los datos personales o, en su caso, para el tratamiento automatizado de los datos.<\/p>\n<h3>Cesi\u00f3n de datos a terceros<\/h3>\n<p>Estudi TARDET no realizar\u00e1 cesi\u00f3n de datos de los usuarios a terceros.<\/p>\n<h3>Ejercicio de derechos de acceso, rectificaci\u00f3n, cancelaci\u00f3n y oposici\u00f3n<\/h3>\n<p>Podr\u00e1 dirigir sus comunicaciones y ejercitar los derechos de acceso, rectificaci\u00f3n, supresi\u00f3n, limitaci\u00f3n, portabilidad y oposici\u00f3n en la direcci\u00f3n de Internet a www.estuditardet.com es o bien por correo ordinario dirigido a Estudi TARDET, Ref. RGPD, en Carrer de Davall, 1, Porta 1A, 43730 Falset, Tarragona. Para ejercer dichos derechos es necesario que usted acredite su personalidad frente a Estudi TARDET mediante el env\u00edo de fotocopia de Documento Nacional de Identidad o cualquier otro medio v\u00e1lido en Derecho. No obstante, la modificaci\u00f3n o rectificaci\u00f3n de sus datos de registro se podr\u00e1 realizar en el propio Site identific\u00e1ndose, previamente, con su usuario y contrase\u00f1a.<\/p>\n<h3>Medidas de seguridad<\/h3>\n<p>Estudi TARDET ha adoptado los niveles de seguridad de protecci\u00f3n de los Datos Personales legalmente requeridos, y procuran instalar aquellos otros medios y medidas t\u00e9cnicas adicionales a su alcance para evitar la p\u00e9rdida, mal uso, alteraci\u00f3n, acceso no autorizado y robo de los Datos Personales facilitados a Estudi TARDET no ser\u00e1 responsable de posibles da\u00f1os o perjuicios que se pudieran derivar de interferencias, omisiones, interrupciones, virus inform\u00e1ticos, aver\u00edas telef\u00f3nicas o desconexiones en el funcionamiento operativo de este sistema electr\u00f3nico, motivadas por causas ajenas a Estudi TARDET; de retrasos o bloqueos en el uso del presente sistema electr\u00f3nico causados por deficiencias o sobrecargas de l\u00edneas telef\u00f3nicas o sobrecargas en el Centro de Procesos de Datos, en el sistema de Internet o en otros sistemas electr\u00f3nicos, as\u00ed como de da\u00f1os que puedan ser causados por terceras personas mediante intromisiones ileg\u00edtimas fuera del control de Estudi TARDET Ello, no obstante, el Usuario debe ser consciente de que las medidas de seguridad en Internet no son inexpugnables.<\/p>\n<h3>Aceptaci\u00f3n y consentimiento<\/h3>\n<p>El usuario declara haber sido informado de las condiciones sobre protecci\u00f3n de datos personales, aceptando y consintiendo el tratamiento automatizado de los mismos por parte de Estudi TARDET, en la forma y para las finalidades indicadas en la presente Pol\u00edtica de Protecci\u00f3n de Datos Personales. Ciertos servicios prestados en el Portal pueden contener condiciones particulares con previsiones espec\u00edficas en materia de protecci\u00f3n de Datos Personales.<\/p>\n<p>&nbsp;<\/p>\n","protected":false},"excerpt":{"rendered":"<p>El presente aviso legal (en adelante, el \u00abAviso Legal\u00bb) regula el uso del servicio del portal de Internet www.estuditardet.com es [&hellip;]<\/p>\n","protected":false},"author":1,"featured_media":0,"parent":0,"menu_order":0,"comment_status":"closed","ping_status":"closed","template":"","meta":{"inline_featured_image":false,"footnotes":""},"class_list":["post-3952","page","type-page","status-publish","hentry"],"yoast_head":"<!-- This site is optimized with the Yoast SEO plugin v27.4 - https:\/\/yoast.com\/product\/yoast-seo-wordpress\/ -->\n<title>Pol\u00edtica de privacidad y Aviso legal - Estudi Tardet<\/title>\n<meta name=\"robots\" content=\"index, follow, max-snippet:-1, max-image-preview:large, max-video-preview:-1\" \/>\n<link rel=\"canonical\" href=\"https:\/\/estuditardet.com\/es\/politica-de-privacidad\/\" \/>\n<meta property=\"og:locale\" content=\"es_ES\" \/>\n<meta property=\"og:type\" content=\"article\" \/>\n<meta property=\"og:title\" content=\"Pol\u00edtica de privacidad y Aviso legal - Estudi Tardet\" \/>\n<meta property=\"og:description\" content=\"El presente aviso legal (en adelante, el \u00abAviso Legal\u00bb) regula el uso del servicio del portal de Internet www.estuditardet.com es [&hellip;]\" \/>\n<meta property=\"og:url\" content=\"https:\/\/estuditardet.com\/es\/politica-de-privacidad\/\" \/>\n<meta property=\"og:site_name\" content=\"Estudi Tardet\" \/>\n<meta property=\"article:publisher\" content=\"https:\/\/www.facebook.com\/tardetestudi\/\" \/>\n<meta property=\"article:modified_time\" content=\"2024-06-19T11:14:48+00:00\" \/>\n<meta property=\"og:image\" content=\"https:\/\/estuditardet.com\/wp-content\/uploads\/2024\/01\/tardet-logoTH.png\" \/>\n\t<meta property=\"og:image:width\" content=\"250\" \/>\n\t<meta property=\"og:image:height\" content=\"45\" \/>\n\t<meta property=\"og:image:type\" content=\"image\/png\" \/>\n<meta name=\"twitter:card\" content=\"summary_large_image\" \/>\n<meta name=\"twitter:label1\" content=\"Tiempo de lectura\" \/>\n\t<meta name=\"twitter:data1\" content=\"7 minutos\" \/>\n<script type=\"application\/ld+json\" class=\"yoast-schema-graph\">{\"@context\":\"https:\\\/\\\/schema.org\",\"@graph\":[{\"@type\":\"WebPage\",\"@id\":\"https:\\\/\\\/estuditardet.com\\\/es\\\/politica-de-privacidad\\\/\",\"url\":\"https:\\\/\\\/estuditardet.com\\\/es\\\/politica-de-privacidad\\\/\",\"name\":\"Pol\u00edtica de privacidad y Aviso legal - Estudi Tardet\",\"isPartOf\":{\"@id\":\"https:\\\/\\\/estuditardet.com\\\/#website\"},\"datePublished\":\"2023-12-05T11:42:40+00:00\",\"dateModified\":\"2024-06-19T11:14:48+00:00\",\"breadcrumb\":{\"@id\":\"https:\\\/\\\/estuditardet.com\\\/es\\\/politica-de-privacidad\\\/#breadcrumb\"},\"inLanguage\":\"es\",\"potentialAction\":[{\"@type\":\"ReadAction\",\"target\":[\"https:\\\/\\\/estuditardet.com\\\/es\\\/politica-de-privacidad\\\/\"]}]},{\"@type\":\"BreadcrumbList\",\"@id\":\"https:\\\/\\\/estuditardet.com\\\/es\\\/politica-de-privacidad\\\/#breadcrumb\",\"itemListElement\":[{\"@type\":\"ListItem\",\"position\":1,\"name\":\"Inici\",\"item\":\"https:\\\/\\\/estuditardet.com\\\/es\\\/\"},{\"@type\":\"ListItem\",\"position\":2,\"name\":\"Pol\u00edtica de privacidad y Aviso legal\"}]},{\"@type\":\"WebSite\",\"@id\":\"https:\\\/\\\/estuditardet.com\\\/#website\",\"url\":\"https:\\\/\\\/estuditardet.com\\\/\",\"name\":\"Estudi Tardet\",\"description\":\"Estudi creatiu i estrat&egrave;gic situat al Priorat\",\"publisher\":{\"@id\":\"https:\\\/\\\/estuditardet.com\\\/#organization\"},\"alternateName\":\"Tardet\",\"potentialAction\":[{\"@type\":\"SearchAction\",\"target\":{\"@type\":\"EntryPoint\",\"urlTemplate\":\"https:\\\/\\\/estuditardet.com\\\/?s={search_term_string}\"},\"query-input\":{\"@type\":\"PropertyValueSpecification\",\"valueRequired\":true,\"valueName\":\"search_term_string\"}}],\"inLanguage\":\"es\"},{\"@type\":\"Organization\",\"@id\":\"https:\\\/\\\/estuditardet.com\\\/#organization\",\"name\":\"Estudi Tardet\",\"alternateName\":\"Tardet\",\"url\":\"https:\\\/\\\/estuditardet.com\\\/\",\"logo\":{\"@type\":\"ImageObject\",\"inLanguage\":\"es\",\"@id\":\"https:\\\/\\\/estuditardet.com\\\/#\\\/schema\\\/logo\\\/image\\\/\",\"url\":\"https:\\\/\\\/estuditardet.com\\\/wp-content\\\/uploads\\\/2024\\\/01\\\/tardet-logoTH.png\",\"contentUrl\":\"https:\\\/\\\/estuditardet.com\\\/wp-content\\\/uploads\\\/2024\\\/01\\\/tardet-logoTH.png\",\"width\":250,\"height\":45,\"caption\":\"Estudi Tardet\"},\"image\":{\"@id\":\"https:\\\/\\\/estuditardet.com\\\/#\\\/schema\\\/logo\\\/image\\\/\"},\"sameAs\":[\"https:\\\/\\\/www.facebook.com\\\/tardetestudi\\\/\",\"https:\\\/\\\/www.instagram.com\\\/estuditardet\\\/\",\"https:\\\/\\\/www.linkedin.com\\\/company\\\/86707317\\\/admin\\\/feed\\\/posts\\\/\"]}]}<\/script>\n<!-- \/ Yoast SEO plugin. -->","yoast_head_json":{"title":"Pol\u00edtica de privacidad y Aviso legal - Estudi Tardet","robots":{"index":"index","follow":"follow","max-snippet":"max-snippet:-1","max-image-preview":"max-image-preview:large","max-video-preview":"max-video-preview:-1"},"canonical":"https:\/\/estuditardet.com\/es\/politica-de-privacidad\/","og_locale":"es_ES","og_type":"article","og_title":"Pol\u00edtica de privacidad y Aviso legal - Estudi Tardet","og_description":"El presente aviso legal (en adelante, el \u00abAviso Legal\u00bb) regula el uso del servicio del portal de Internet www.estuditardet.com es [&hellip;]","og_url":"https:\/\/estuditardet.com\/es\/politica-de-privacidad\/","og_site_name":"Estudi Tardet","article_publisher":"https:\/\/www.facebook.com\/tardetestudi\/","article_modified_time":"2024-06-19T11:14:48+00:00","og_image":[{"width":250,"height":45,"url":"https:\/\/estuditardet.com\/wp-content\/uploads\/2024\/01\/tardet-logoTH.png","type":"image\/png"}],"twitter_card":"summary_large_image","twitter_misc":{"Tiempo de lectura":"7 minutos"},"schema":{"@context":"https:\/\/schema.org","@graph":[{"@type":"WebPage","@id":"https:\/\/estuditardet.com\/es\/politica-de-privacidad\/","url":"https:\/\/estuditardet.com\/es\/politica-de-privacidad\/","name":"Pol\u00edtica de privacidad y Aviso legal - Estudi Tardet","isPartOf":{"@id":"https:\/\/estuditardet.com\/#website"},"datePublished":"2023-12-05T11:42:40+00:00","dateModified":"2024-06-19T11:14:48+00:00","breadcrumb":{"@id":"https:\/\/estuditardet.com\/es\/politica-de-privacidad\/#breadcrumb"},"inLanguage":"es","potentialAction":[{"@type":"ReadAction","target":["https:\/\/estuditardet.com\/es\/politica-de-privacidad\/"]}]},{"@type":"BreadcrumbList","@id":"https:\/\/estuditardet.com\/es\/politica-de-privacidad\/#breadcrumb","itemListElement":[{"@type":"ListItem","position":1,"name":"Inici","item":"https:\/\/estuditardet.com\/es\/"},{"@type":"ListItem","position":2,"name":"Pol\u00edtica de privacidad y Aviso legal"}]},{"@type":"WebSite","@id":"https:\/\/estuditardet.com\/#website","url":"https:\/\/estuditardet.com\/","name":"Estudi Tardet","description":"Estudi creatiu i estrat&egrave;gic situat al Priorat","publisher":{"@id":"https:\/\/estuditardet.com\/#organization"},"alternateName":"Tardet","potentialAction":[{"@type":"SearchAction","target":{"@type":"EntryPoint","urlTemplate":"https:\/\/estuditardet.com\/?s={search_term_string}"},"query-input":{"@type":"PropertyValueSpecification","valueRequired":true,"valueName":"search_term_string"}}],"inLanguage":"es"},{"@type":"Organization","@id":"https:\/\/estuditardet.com\/#organization","name":"Estudi Tardet","alternateName":"Tardet","url":"https:\/\/estuditardet.com\/","logo":{"@type":"ImageObject","inLanguage":"es","@id":"https:\/\/estuditardet.com\/#\/schema\/logo\/image\/","url":"https:\/\/estuditardet.com\/wp-content\/uploads\/2024\/01\/tardet-logoTH.png","contentUrl":"https:\/\/estuditardet.com\/wp-content\/uploads\/2024\/01\/tardet-logoTH.png","width":250,"height":45,"caption":"Estudi Tardet"},"image":{"@id":"https:\/\/estuditardet.com\/#\/schema\/logo\/image\/"},"sameAs":["https:\/\/www.facebook.com\/tardetestudi\/","https:\/\/www.instagram.com\/estuditardet\/","https:\/\/www.linkedin.com\/company\/86707317\/admin\/feed\/posts\/"]}]}},"_links":{"self":[{"href":"https:\/\/estuditardet.com\/es\/wp-json\/wp\/v2\/pages\/3952","targetHints":{"allow":["GET"]}}],"collection":[{"href":"https:\/\/estuditardet.com\/es\/wp-json\/wp\/v2\/pages"}],"about":[{"href":"https:\/\/estuditardet.com\/es\/wp-json\/wp\/v2\/types\/page"}],"author":[{"embeddable":true,"href":"https:\/\/estuditardet.com\/es\/wp-json\/wp\/v2\/users\/1"}],"replies":[{"embeddable":true,"href":"https:\/\/estuditardet.com\/es\/wp-json\/wp\/v2\/comments?post=3952"}],"version-history":[{"count":5,"href":"https:\/\/estuditardet.com\/es\/wp-json\/wp\/v2\/pages\/3952\/revisions"}],"predecessor-version":[{"id":5378,"href":"https:\/\/estuditardet.com\/es\/wp-json\/wp\/v2\/pages\/3952\/revisions\/5378"}],"wp:attachment":[{"href":"https:\/\/estuditardet.com\/es\/wp-json\/wp\/v2\/media?parent=3952"}],"curies":[{"name":"wp","href":"https:\/\/api.w.org\/{rel}","templated":true}]}}