{"id":3951,"date":"2023-12-07T12:00:15","date_gmt":"2023-12-07T11:00:15","guid":{"rendered":"https:\/\/estuditardet.com\/serveis\/"},"modified":"2024-10-24T15:59:21","modified_gmt":"2024-10-24T13:59:21","slug":"servicios","status":"publish","type":"page","link":"https:\/\/estuditardet.com\/es\/servicios\/","title":{"rendered":"Servicios"},"content":{"rendered":"<div class=\"wpb-content-wrapper\"><p>[vc_row row_content_width=\u00bbgrid\u00bb][vc_column]<div class=\"qodef-elements-holder  qodef-eh-full-height qodef-two-columns  qodef-responsive-mode-768 \" ><div class=\"qodef-eh-item    \"  data-item-class=\"qodef-eh-custom-6299\">\n\t<div class=\"qodef-eh-item-inner\">\n\t\t<div class=\"qodef-eh-item-content qodef-eh-custom-6299\" style=\"padding: 20px\">\n\t\t\t[vc_empty_space]<div class=\"qodef-section-title-holder   qodef-st-standard\" >\n\t<div class=\"qodef-st-inner\">\n\t\t\t\t\t<h2 class=\"qodef-st-title\" style=\"font-size: 30px\">\n\t\t\t\tMejoramos el impacto, el alcance y el rendimiento de nuestros clientes poniendo la <span class=\"qodef-st-title-emphasize\"><span>imaginaci\u00f3n<\/span><span>imaginaci\u00f3n<\/span><\/span> y la <span class=\"qodef-st-title-emphasize\"><span>creatividad<\/span><span>creatividad<\/span><\/span> en el centro de todo nuestros procesos.\t\t\t<\/h2>\n\t\t\t\t\t\t\t<\/div>\n<\/div>[vc_empty_space]<div class=\"qodef-section-title-holder   qodef-st-standard\" >\n\t<div class=\"qodef-st-inner\">\n\t\t\t\t\t<h2 class=\"qodef-st-title\" style=\"font-size: 30px\">\n\t\t\t\tCreamos <span class=\"qodef-st-title-emphasize\"><span>estrategias<\/span><span>estrategias<\/span><\/span> y <span class=\"qodef-st-title-emphasize\"><span>acciones<\/span><span>acciones<\/span><\/span> y las hacemos realidad a trav\u00e9s de varias disciplinas y <span class=\"qodef-st-title-emphasize\"><span>construyendo<\/span><span>construyendo<\/span><\/span> <span class=\"qodef-st-title-emphasize\"><span>equipos<\/span><span>equipos<\/span><\/span> de trabajo \u00abad hoc\u00bb por cada proyecto.\t\t\t<\/h2>\n\t\t\t\t\t\t\t<\/div>\n<\/div>[vc_empty_space]<div class=\"qodef-section-title-holder   qodef-st-standard\" >\n\t<div class=\"qodef-st-inner\">\n\t\t\t\t\t<h2 class=\"qodef-st-title\" style=\"font-size: 30px\">\n\t\t\t\tTrabajamos con <span class=\"qodef-st-title-emphasize\"><span>personas,<\/span><span>personas,<\/span><\/span> <span class=\"qodef-st-title-emphasize\"><span>empresas<\/span><span>empresas<\/span><\/span> e <span class=\"qodef-st-title-emphasize\"><span>instituciones.<\/span><span>instituciones.<\/span><\/span> Bodegas, restaurantes, productores y elaboradores agroalimentarios, alojamientos rurales, empresas de actividades tur\u00edsticas, ayuntamientos, asociaciones agroalimentarias, gastron\u00f3micas y tur\u00edsticas.\t\t\t<\/h2>\n\t\t\t\t\t\t\t<\/div>\n<\/div>[vc_empty_space]\t\t<\/div>\n\t<\/div>\n<\/div><\/div>[\/vc_column][\/vc_row][vc_row row_content_width=\u00bbgrid\u00bb][vc_column][vc_empty_space height=\u00bb20px\u00bb][vc_row_inner row_content_width=\u00bbgrid\u00bb css=\u00bb.vc_custom_1707391873655{padding-top: 30px !important;padding-bottom: 30px !important;}\u00bb][vc_column_inner]<div class=\"qodef-section-title-holder   qodef-st-underlined\" >\n\t<div class=\"qodef-st-inner\">\n\t\t\t\t\t<h2 class=\"qodef-st-title\" >\n\t\t\t\tServicios\t\t\t<\/h2>\n\t\t\t\t\t\t\t<\/div>\n<\/div>[\/vc_column_inner][\/vc_row_inner][vc_row_inner][vc_column_inner width=\u00bb1\/3&#8243;]<div class=\"qodef-elements-holder   qodef-one-column  qodef-responsive-mode-768 \" ><div class=\"qodef-eh-item  qodef-vertical-alignment-top  \"  data-item-class=\"qodef-eh-custom-9755\">\n\t<div class=\"qodef-eh-item-inner\">\n\t\t<div class=\"qodef-eh-item-content qodef-eh-custom-9755\" >\n\t\t\t<div class=\"qodef-section-title-holder   qodef-st-standard\" >\n\t<div class=\"qodef-st-inner\">\n\t\t\t\t\t<h3 class=\"qodef-st-title\" style=\"font-size: 30px\">\n\t\t\t\tEstrategia\t\t\t<\/h3>\n\t\t\t\t\t\t\t<\/div>\n<\/div>[vc_empty_space height=\u00bb2px\u00bb][vc_column_text]Planificaci\u00f3n estrat\u00e9gica<br \/>\nMarketing operativo<br \/>\nPlanes de comunicaci\u00f3n omnicanal<br \/>\nConceptualizaci\u00f3n y dise\u00f1o de campa\u00f1as<br \/>\nInvestigaci\u00f3n cualitativa y cuantitativa<br \/>\nStorytelling<br \/>\nPropuestas de valor[\/vc_column_text][vc_empty_space height=\u00bb40px\u00bb]<div class=\"qodef-section-title-holder   qodef-st-standard\" >\n\t<div class=\"qodef-st-inner\">\n\t\t\t\t\t<h3 class=\"qodef-st-title\" style=\"font-size: 30px\">\n\t\t\t\tMarketing digital\t\t\t<\/h3>\n\t\t\t\t\t\t\t<\/div>\n<\/div>[vc_empty_space height=\u00bb2px\u00bb][vc_column_text]Creaci\u00f3n de contenidos digitales: audiovisuales, textuales y gr\u00e1ficos<br \/>\nPlanificaci\u00f3n y gesti\u00f3n de RRSS<br \/>\nCampa\u00f1as de Instagram y Facebook Ads<br \/>\nPosicionamiento SEO<br \/>\nCampa\u00f1as de Google Ads<br \/>\nMarketing de influencia<br \/>\nEmail marketing[\/vc_column_text][vc_empty_space height=\u00bb40px\u00bb]\t\t<\/div>\n\t<\/div>\n<\/div><\/div>[\/vc_column_inner][vc_column_inner width=\u00bb1\/3&#8243;]<div class=\"qodef-elements-holder   qodef-one-column  qodef-responsive-mode-768 \" ><div class=\"qodef-eh-item  qodef-vertical-alignment-top  \"  data-item-class=\"qodef-eh-custom-9021\">\n\t<div class=\"qodef-eh-item-inner\">\n\t\t<div class=\"qodef-eh-item-content qodef-eh-custom-9021\" >\n\t\t\t<div class=\"qodef-section-title-holder   qodef-st-standard\" >\n\t<div class=\"qodef-st-inner\">\n\t\t\t\t\t<h3 class=\"qodef-st-title\" style=\"font-size: 30px\">\n\t\t\t\tAudiovisuales\t\t\t<\/h3>\n\t\t\t\t\t\t\t<\/div>\n<\/div>[vc_empty_space height=\u00bb2px\u00bb][vc_column_text]Fotograf\u00eda comercial y publicitaria<br \/>\nVideo corporativo<br \/>\nMotion graphics (Videos animados)<br \/>\nConcepto creativo y guion<br \/>\nDirecci\u00f3n creativa y de arte<br \/>\nProducci\u00f3n<br \/>\nCobertura de acontecimientos[\/vc_column_text][vc_empty_space height=\u00bb40px\u00bb]<div class=\"qodef-section-title-holder   qodef-st-standard\" >\n\t<div class=\"qodef-st-inner\">\n\t\t\t\t\t<h3 class=\"qodef-st-title\" style=\"font-size: 30px\">\n\t\t\t\tBranding y dise\u00f1o\t\t\t<\/h3>\n\t\t\t\t\t\t\t<\/div>\n<\/div>[vc_empty_space height=\u00bb2px\u00bb][vc_column_text]Naming<br \/>\nDirecci\u00f3n de arte<br \/>\nLogotipos<br \/>\nPackaging<br \/>\nCorporativo<br \/>\nCat\u00e1logo<br \/>\nDise\u00f1o de espacios (Retail branding)<br \/>\nAnimaciones[\/vc_column_text][vc_empty_space height=\u00bb40px\u00bb]\t\t<\/div>\n\t<\/div>\n<\/div><\/div>[\/vc_column_inner][vc_column_inner width=\u00bb1\/3&#8243;]<div class=\"qodef-elements-holder   qodef-one-column  qodef-responsive-mode-768 \" ><div class=\"qodef-eh-item  qodef-vertical-alignment-top  \"  data-item-class=\"qodef-eh-custom-5022\">\n\t<div class=\"qodef-eh-item-inner\">\n\t\t<div class=\"qodef-eh-item-content qodef-eh-custom-5022\" >\n\t\t\t<div class=\"qodef-section-title-holder   qodef-st-standard\" >\n\t<div class=\"qodef-st-inner\">\n\t\t\t\t\t<h3 class=\"qodef-st-title\" style=\"font-size: 30px\">\n\t\t\t\tP\u00e1ginas web\t\t\t<\/h3>\n\t\t\t\t\t\t\t<\/div>\n<\/div>[vc_empty_space height=\u00bb2px\u00bb][vc_column_text]Dise\u00f1o UI \/ UX<br \/>\nProgramaci\u00f3n<br \/>\nAnal\u00edtica y optimizaci\u00f3n<br \/>\nE-commerce[\/vc_column_text][vc_empty_space height=\u00bb40px\u00bb]<div class=\"qodef-section-title-holder   qodef-st-standard\" >\n\t<div class=\"qodef-st-inner\">\n\t\t\t\t\t<h3 class=\"qodef-st-title\" style=\"font-size: 30px\">\n\t\t\t\tRelaciones p\u00fablicas\t\t\t<\/h3>\n\t\t\t\t\t\t\t<\/div>\n<\/div>[vc_empty_space height=\u00bb2px\u00bb][vc_column_text]Notas de prensa<br \/>\nConvocatorias<br \/>\nRedacci\u00f3n de art\u00edculos<br \/>\nAcciones con periodistas y influencers[\/vc_column_text][vc_empty_space height=\u00bb40px\u00bb]<div class=\"qodef-section-title-holder   qodef-st-standard\" >\n\t<div class=\"qodef-st-inner\">\n\t\t\t\t\t<h3 class=\"qodef-st-title\" style=\"font-size: 30px\">\n\t\t\t\tEventos\t\t\t<\/h3>\n\t\t\t\t\t\t\t<\/div>\n<\/div>[vc_empty_space height=\u00bb2px\u00bb][vc_column_text]Ideaci\u00f3n<br \/>\nDirecci\u00f3n<br \/>\nProducci\u00f3n<br \/>\nComunicaci\u00f3n y cobertura[\/vc_column_text][vc_empty_space height=\u00bb40px\u00bb]\t\t<\/div>\n\t<\/div>\n<\/div><\/div>[\/vc_column_inner][\/vc_row_inner][\/vc_column][\/vc_row][vc_row row_content_width=\u00bbgrid\u00bb content_text_aligment=\u00bbcenter\u00bb row_background_text_align=\u00bbcenter\u00bb row_background_text_1=\u00bbContacto\u00bb row_background_text_size=\u00bb250px\u00bb row_background_text_size_1440=\u00bb200px\u00bb row_background_text_size_1280=\u00bb150px\u00bb row_background_text_color=\u00bbrgba(238,113,97,0.55)\u00bb css=\u00bb.vc_custom_1718694352075{padding-top: 100px !important;padding-bottom: 135px !important;}\u00bb][vc_column]<div class=\"qodef-elements-holder   qodef-one-column  qodef-responsive-mode-768 qodef-one-column-alignment-center\" ><div class=\"qodef-eh-item   qodef-horizontal-alignment-center \"  data-item-class=\"qodef-eh-custom-4228\">\n\t<div class=\"qodef-eh-item-inner\">\n\t\t<div class=\"qodef-eh-item-content qodef-eh-custom-4228\" >\n\t\t\t<div class=\"qodef-call-to-action-holder  qodef-simple-layout \" >\n\t<div class=\"qodef-cta-inner \">\n\t\t\t\t\t<div class=\"qodef-cta-text-holder qodef-pattern-holder\">\n\t\t\t\t<div class=\"qodef-pattern-before\"><\/div>\n\t\t\t\t<div class=\"qodef-cta-text\"><span class=\"qodef-word\"> <\/span><\/div>\n\t\t\t\t<div class=\"qodef-pattern-after\" style=\"background-image: url(&#039;data:image\/svg+xml;base64,PHN2ZyB2ZXJzaW9uPSIxLjEiIHhtbG5zPSJodHRwOi8vd3d3LnczLm9yZy8yMDAwL3N2ZyIgeG1sbnM6eGxpbms9Imh0dHA6Ly93d3cudzMub3JnLzE5OTkveGxpbmsiIHg9IjBweCIgeT0iMHB4IgoJIHdpZHRoPSI4cHgiIGhlaWdodD0iOHB4IiB2aWV3Qm94PSIwIDAgOCA4IiBlbmFibGUtYmFja2dyb3VuZD0ibmV3IDAgMCA4IDgiIHhtbDpzcGFjZT0icHJlc2VydmUiIGZpbGw9IiNmZmZmZmYiPgo8cGF0aCBkPSJNNyw0YzAtMC41NTIsMC40NDctMSwxLTFWMUM3LjQ0NywxLDcsMC41NTIsNywwSDFjMCwwLjU1Mi0wLjQ0NywxLTEsMXYyYzAuNTUzLDAsMSwwLjQ0OCwxLDFTMC41NTMsNSwwLDV2MgoJYzAuNTUzLDAsMSwwLjQ0OCwxLDFoNmMwLTAuNTUyLDAuNDQ3LTEsMS0xVjVDNy40NDcsNSw3LDQuNTUyLDcsNHogTTQsN0MzLjQ0Nyw3LDMsNi41NTIsMyw2czAuNDQ3LTEsMS0xczEsMC40NDgsMSwxUzQuNTUzLDcsNCw3egoJIE00LDNDMy40NDcsMywzLDIuNTUyLDMsMnMwLjQ0Ny0xLDEtMXMxLDAuNDQ4LDEsMVM0LjU1MywzLDQsM3oiIGZpbGw9IiIvPgo8L3N2Zz4=&#039;)\"><\/div>\n\t\t\t<\/div>\n\t\t\t\t<div class=\"qodef-cta-button-holder\" >\n\t\t\t<div class=\"qodef-cta-button\"><a itemprop=\"url\" href=\"https:\/\/estuditardet.com\/es\/contacto\/\" target=\"_self\"  class=\"qodef-btn qodef-btn-medium qodef-btn-simple\"  >    <span class=\"qodef-btn-text\">\u00bfTrabajamos juntas?<\/span>    <\/a><\/div>\n\t\t<\/div>\n\t<\/div>\n<\/div>[vc_empty_space]\t\t<\/div>\n\t<\/div>\n<\/div><\/div>[\/vc_column][\/vc_row]<\/p>\n<\/div>","protected":false},"excerpt":{"rendered":"<p>[vc_row row_content_width=\u00bbgrid\u00bb][vc_column][\/vc_column][\/vc_row][vc_row row_content_width=\u00bbgrid\u00bb][vc_column][vc_empty_space height=\u00bb20px\u00bb][vc_row_inner row_content_width=\u00bbgrid\u00bb css=\u00bb.vc_custom_1707391873655{padding-top: 30px !important;padding-bottom: 30px !important;}\u00bb][vc_column_inner][\/vc_column_inner][\/vc_row_inner][vc_row_inner][vc_column_inner width=\u00bb1\/3&#8243;][\/vc_column_inner][vc_column_inner width=\u00bb1\/3&#8243;][\/vc_column_inner][vc_column_inner width=\u00bb1\/3&#8243;][\/vc_column_inner][\/vc_row_inner][\/vc_column][\/vc_row][vc_row row_content_width=\u00bbgrid\u00bb content_text_aligment=\u00bbcenter\u00bb row_background_text_align=\u00bbcenter\u00bb row_background_text_1=\u00bbContacto\u00bb row_background_text_size=\u00bb250px\u00bb row_background_text_size_1440=\u00bb200px\u00bb row_background_text_size_1280=\u00bb150px\u00bb [&hellip;]<\/p>\n","protected":false},"author":1,"featured_media":0,"parent":0,"menu_order":0,"comment_status":"closed","ping_status":"closed","template":"full-width.php","meta":{"inline_featured_image":false,"footnotes":""},"class_list":["post-3951","page","type-page","status-publish","hentry"],"yoast_head":"<!-- This site is optimized with the Yoast SEO plugin v27.4 - https:\/\/yoast.com\/product\/yoast-seo-wordpress\/ -->\n<title>Servicios - Estudi Tardet<\/title>\n<meta name=\"robots\" content=\"index, follow, max-snippet:-1, max-image-preview:large, max-video-preview:-1\" \/>\n<link rel=\"canonical\" href=\"https:\/\/estuditardet.com\/serveis\/\" \/>\n<meta property=\"og:locale\" content=\"es_ES\" \/>\n<meta property=\"og:type\" content=\"article\" \/>\n<meta property=\"og:title\" content=\"Servicios - Estudi Tardet\" \/>\n<meta property=\"og:description\" content=\"[vc_row row_content_width=\u00bbgrid\u00bb][vc_column][\/vc_column][\/vc_row][vc_row row_content_width=\u00bbgrid\u00bb][vc_column][vc_empty_space height=\u00bb20px\u00bb][vc_row_inner row_content_width=\u00bbgrid\u00bb css=\u00bb.vc_custom_1707391873655{padding-top: 30px !important;padding-bottom: 30px !important;}\u00bb][vc_column_inner][\/vc_column_inner][\/vc_row_inner][vc_row_inner][vc_column_inner width=\u00bb1\/3&#8243;][\/vc_column_inner][vc_column_inner width=\u00bb1\/3&#8243;][\/vc_column_inner][vc_column_inner width=\u00bb1\/3&#8243;][\/vc_column_inner][\/vc_row_inner][\/vc_column][\/vc_row][vc_row row_content_width=\u00bbgrid\u00bb content_text_aligment=\u00bbcenter\u00bb row_background_text_align=\u00bbcenter\u00bb row_background_text_1=\u00bbContacto\u00bb row_background_text_size=\u00bb250px\u00bb row_background_text_size_1440=\u00bb200px\u00bb row_background_text_size_1280=\u00bb150px\u00bb [&hellip;]\" \/>\n<meta property=\"og:url\" content=\"https:\/\/estuditardet.com\/serveis\/\" \/>\n<meta property=\"og:site_name\" content=\"Estudi Tardet\" \/>\n<meta property=\"article:publisher\" content=\"https:\/\/www.facebook.com\/tardetestudi\/\" \/>\n<meta property=\"article:modified_time\" content=\"2024-10-24T13:59:21+00:00\" \/>\n<meta property=\"og:image\" content=\"https:\/\/estuditardet.com\/wp-content\/uploads\/2024\/01\/tardet-logoTH.png\" \/>\n\t<meta property=\"og:image:width\" content=\"250\" \/>\n\t<meta property=\"og:image:height\" content=\"45\" \/>\n\t<meta property=\"og:image:type\" content=\"image\/png\" \/>\n<meta name=\"twitter:card\" content=\"summary_large_image\" \/>\n<meta name=\"twitter:label1\" content=\"Tiempo de lectura\" \/>\n\t<meta name=\"twitter:data1\" content=\"2 minutos\" \/>\n<script type=\"application\/ld+json\" class=\"yoast-schema-graph\">{\"@context\":\"https:\\\/\\\/schema.org\",\"@graph\":[{\"@type\":\"WebPage\",\"@id\":\"https:\\\/\\\/estuditardet.com\\\/serveis\\\/\",\"url\":\"https:\\\/\\\/estuditardet.com\\\/serveis\\\/\",\"name\":\"Servicios - Estudi Tardet\",\"isPartOf\":{\"@id\":\"https:\\\/\\\/estuditardet.com\\\/#website\"},\"datePublished\":\"2023-12-07T11:00:15+00:00\",\"dateModified\":\"2024-10-24T13:59:21+00:00\",\"breadcrumb\":{\"@id\":\"https:\\\/\\\/estuditardet.com\\\/serveis\\\/#breadcrumb\"},\"inLanguage\":\"es\",\"potentialAction\":[{\"@type\":\"ReadAction\",\"target\":[\"https:\\\/\\\/estuditardet.com\\\/serveis\\\/\"]}]},{\"@type\":\"BreadcrumbList\",\"@id\":\"https:\\\/\\\/estuditardet.com\\\/serveis\\\/#breadcrumb\",\"itemListElement\":[{\"@type\":\"ListItem\",\"position\":1,\"name\":\"Inici\",\"item\":\"https:\\\/\\\/estuditardet.com\\\/es\\\/\"},{\"@type\":\"ListItem\",\"position\":2,\"name\":\"Servicios\"}]},{\"@type\":\"WebSite\",\"@id\":\"https:\\\/\\\/estuditardet.com\\\/#website\",\"url\":\"https:\\\/\\\/estuditardet.com\\\/\",\"name\":\"Estudi Tardet\",\"description\":\"Estudi creatiu i estrat&egrave;gic situat al Priorat\",\"publisher\":{\"@id\":\"https:\\\/\\\/estuditardet.com\\\/#organization\"},\"alternateName\":\"Tardet\",\"potentialAction\":[{\"@type\":\"SearchAction\",\"target\":{\"@type\":\"EntryPoint\",\"urlTemplate\":\"https:\\\/\\\/estuditardet.com\\\/?s={search_term_string}\"},\"query-input\":{\"@type\":\"PropertyValueSpecification\",\"valueRequired\":true,\"valueName\":\"search_term_string\"}}],\"inLanguage\":\"es\"},{\"@type\":\"Organization\",\"@id\":\"https:\\\/\\\/estuditardet.com\\\/#organization\",\"name\":\"Estudi Tardet\",\"alternateName\":\"Tardet\",\"url\":\"https:\\\/\\\/estuditardet.com\\\/\",\"logo\":{\"@type\":\"ImageObject\",\"inLanguage\":\"es\",\"@id\":\"https:\\\/\\\/estuditardet.com\\\/#\\\/schema\\\/logo\\\/image\\\/\",\"url\":\"https:\\\/\\\/estuditardet.com\\\/wp-content\\\/uploads\\\/2024\\\/01\\\/tardet-logoTH.png\",\"contentUrl\":\"https:\\\/\\\/estuditardet.com\\\/wp-content\\\/uploads\\\/2024\\\/01\\\/tardet-logoTH.png\",\"width\":250,\"height\":45,\"caption\":\"Estudi Tardet\"},\"image\":{\"@id\":\"https:\\\/\\\/estuditardet.com\\\/#\\\/schema\\\/logo\\\/image\\\/\"},\"sameAs\":[\"https:\\\/\\\/www.facebook.com\\\/tardetestudi\\\/\",\"https:\\\/\\\/www.instagram.com\\\/estuditardet\\\/\",\"https:\\\/\\\/www.linkedin.com\\\/company\\\/86707317\\\/admin\\\/feed\\\/posts\\\/\"]}]}<\/script>\n<!-- \/ Yoast SEO plugin. -->","yoast_head_json":{"title":"Servicios - Estudi Tardet","robots":{"index":"index","follow":"follow","max-snippet":"max-snippet:-1","max-image-preview":"max-image-preview:large","max-video-preview":"max-video-preview:-1"},"canonical":"https:\/\/estuditardet.com\/serveis\/","og_locale":"es_ES","og_type":"article","og_title":"Servicios - Estudi Tardet","og_description":"[vc_row row_content_width=\u00bbgrid\u00bb][vc_column][\/vc_column][\/vc_row][vc_row row_content_width=\u00bbgrid\u00bb][vc_column][vc_empty_space height=\u00bb20px\u00bb][vc_row_inner row_content_width=\u00bbgrid\u00bb css=\u00bb.vc_custom_1707391873655{padding-top: 30px !important;padding-bottom: 30px !important;}\u00bb][vc_column_inner][\/vc_column_inner][\/vc_row_inner][vc_row_inner][vc_column_inner width=\u00bb1\/3&#8243;][\/vc_column_inner][vc_column_inner width=\u00bb1\/3&#8243;][\/vc_column_inner][vc_column_inner width=\u00bb1\/3&#8243;][\/vc_column_inner][\/vc_row_inner][\/vc_column][\/vc_row][vc_row row_content_width=\u00bbgrid\u00bb content_text_aligment=\u00bbcenter\u00bb row_background_text_align=\u00bbcenter\u00bb row_background_text_1=\u00bbContacto\u00bb row_background_text_size=\u00bb250px\u00bb row_background_text_size_1440=\u00bb200px\u00bb row_background_text_size_1280=\u00bb150px\u00bb [&hellip;]","og_url":"https:\/\/estuditardet.com\/serveis\/","og_site_name":"Estudi Tardet","article_publisher":"https:\/\/www.facebook.com\/tardetestudi\/","article_modified_time":"2024-10-24T13:59:21+00:00","og_image":[{"width":250,"height":45,"url":"https:\/\/estuditardet.com\/wp-content\/uploads\/2024\/01\/tardet-logoTH.png","type":"image\/png"}],"twitter_card":"summary_large_image","twitter_misc":{"Tiempo de lectura":"2 minutos"},"schema":{"@context":"https:\/\/schema.org","@graph":[{"@type":"WebPage","@id":"https:\/\/estuditardet.com\/serveis\/","url":"https:\/\/estuditardet.com\/serveis\/","name":"Servicios - Estudi Tardet","isPartOf":{"@id":"https:\/\/estuditardet.com\/#website"},"datePublished":"2023-12-07T11:00:15+00:00","dateModified":"2024-10-24T13:59:21+00:00","breadcrumb":{"@id":"https:\/\/estuditardet.com\/serveis\/#breadcrumb"},"inLanguage":"es","potentialAction":[{"@type":"ReadAction","target":["https:\/\/estuditardet.com\/serveis\/"]}]},{"@type":"BreadcrumbList","@id":"https:\/\/estuditardet.com\/serveis\/#breadcrumb","itemListElement":[{"@type":"ListItem","position":1,"name":"Inici","item":"https:\/\/estuditardet.com\/es\/"},{"@type":"ListItem","position":2,"name":"Servicios"}]},{"@type":"WebSite","@id":"https:\/\/estuditardet.com\/#website","url":"https:\/\/estuditardet.com\/","name":"Estudi Tardet","description":"Estudi creatiu i estrat&egrave;gic situat al Priorat","publisher":{"@id":"https:\/\/estuditardet.com\/#organization"},"alternateName":"Tardet","potentialAction":[{"@type":"SearchAction","target":{"@type":"EntryPoint","urlTemplate":"https:\/\/estuditardet.com\/?s={search_term_string}"},"query-input":{"@type":"PropertyValueSpecification","valueRequired":true,"valueName":"search_term_string"}}],"inLanguage":"es"},{"@type":"Organization","@id":"https:\/\/estuditardet.com\/#organization","name":"Estudi Tardet","alternateName":"Tardet","url":"https:\/\/estuditardet.com\/","logo":{"@type":"ImageObject","inLanguage":"es","@id":"https:\/\/estuditardet.com\/#\/schema\/logo\/image\/","url":"https:\/\/estuditardet.com\/wp-content\/uploads\/2024\/01\/tardet-logoTH.png","contentUrl":"https:\/\/estuditardet.com\/wp-content\/uploads\/2024\/01\/tardet-logoTH.png","width":250,"height":45,"caption":"Estudi Tardet"},"image":{"@id":"https:\/\/estuditardet.com\/#\/schema\/logo\/image\/"},"sameAs":["https:\/\/www.facebook.com\/tardetestudi\/","https:\/\/www.instagram.com\/estuditardet\/","https:\/\/www.linkedin.com\/company\/86707317\/admin\/feed\/posts\/"]}]}},"_links":{"self":[{"href":"https:\/\/estuditardet.com\/es\/wp-json\/wp\/v2\/pages\/3951","targetHints":{"allow":["GET"]}}],"collection":[{"href":"https:\/\/estuditardet.com\/es\/wp-json\/wp\/v2\/pages"}],"about":[{"href":"https:\/\/estuditardet.com\/es\/wp-json\/wp\/v2\/types\/page"}],"author":[{"embeddable":true,"href":"https:\/\/estuditardet.com\/es\/wp-json\/wp\/v2\/users\/1"}],"replies":[{"embeddable":true,"href":"https:\/\/estuditardet.com\/es\/wp-json\/wp\/v2\/comments?post=3951"}],"version-history":[{"count":25,"href":"https:\/\/estuditardet.com\/es\/wp-json\/wp\/v2\/pages\/3951\/revisions"}],"predecessor-version":[{"id":5199,"href":"https:\/\/estuditardet.com\/es\/wp-json\/wp\/v2\/pages\/3951\/revisions\/5199"}],"wp:attachment":[{"href":"https:\/\/estuditardet.com\/es\/wp-json\/wp\/v2\/media?parent=3951"}],"curies":[{"name":"wp","href":"https:\/\/api.w.org\/{rel}","templated":true}]}}