{"id":3949,"date":"2023-12-07T13:12:02","date_gmt":"2023-12-07T12:12:02","guid":{"rendered":"https:\/\/estuditardet.com\/contacte\/"},"modified":"2024-06-18T13:22:45","modified_gmt":"2024-06-18T11:22:45","slug":"contacto","status":"publish","type":"page","link":"https:\/\/estuditardet.com\/es\/contacto\/","title":{"rendered":"Contacto"},"content":{"rendered":"<div class=\"wpb-content-wrapper\"><p>[vc_row row_content_width=\u00bbgrid\u00bb][vc_column width=\u00bb2\/3&#8243;]<div class=\"qodef-elements-holder   qodef-one-column  qodef-responsive-mode-768 \" ><div class=\"qodef-eh-item    \"  data-item-class=\"qodef-eh-custom-9420\">\n\t<div class=\"qodef-eh-item-inner\">\n\t\t<div class=\"qodef-eh-item-content qodef-eh-custom-9420\" >\n\t\t\t[vc_empty_space height=\u00bb60px\u00bb][vc_column_text]<\/p>\n<h1>\u00bfTrabajamos juntos?<\/h1>\n<p>[\/vc_column_text][vc_column_text]\u00bfQuieres m\u00e1s informaci\u00f3n, un presupuesto a medida o simplemente conocernos? Ponte en contacto con nosotros y te ayudaremos a identificar los servicios que m\u00e1s necesita tu proyecto.<\/p>\n<p>Si prefieres el contacto personal, puedes encontrarnos en el Coworking Els Rentadors en Falset, estaremos encantadas de recibirte. Tambi\u00e9n podemos desplazarnos all\u00e1 donde est\u00e9s.[\/vc_column_text][vc_empty_space height=\u00bb15px\u00bb][vc_empty_space height=\u00bb34px\u00bb][vc_column_text]<\/p>\n<h5>Segueix-nos:<\/h5>\n<p>[\/vc_column_text][vc_empty_space height=\u00bb5px\u00bb]    <span class=\"qodef-icon-shortcode qodef-normal   \" style=\"margin: 0 20px 0 2px\" data-hover-color=\"#ee7161\" data-color=\"#010101\">\n                    <a itemprop=\"url\" class=\"\" href=\"https:\/\/www.instagram.com\/estuditardet\/\" target=\"_blank\">\n                    <i class=\"qodef-icon-font-awesome fab fa-instagram qodef-icon-element\" style=\"color: #010101;font-size:20px\" ><\/i>                    <\/a>\n            <\/span>\n    <span class=\"qodef-icon-shortcode qodef-normal   \" style=\"margin: 0 20px 0 2px\" data-hover-color=\"#ee7161\" data-color=\"#010101\">\n                    <a itemprop=\"url\" class=\"\" href=\"https:\/\/www.facebook.com\/tardetestudi\/\" target=\"_blank\">\n                    <i class=\"qodef-icon-font-awesome fab fa-facebook-f qodef-icon-element\" style=\"color: #010101;font-size:20px\" ><\/i>                    <\/a>\n            <\/span>\n    <span class=\"qodef-icon-shortcode qodef-normal   \" style=\"margin: 0 20px 0 2px\" data-hover-color=\"#ee7161\" data-color=\"#010101\">\n                    <a itemprop=\"url\" class=\"\" href=\"https:\/\/www.linkedin.com\/company\/86707317\/admin\/feed\/posts\/\" target=\"_blank\">\n                    <i class=\"qodef-icon-font-awesome fab fa-linkedin-in qodef-icon-element\" style=\"color: #010101;font-size:20px\" ><\/i>                    <\/a>\n            <\/span>\n[vc_empty_space height=\u00bb34px\u00bb]\t\t<\/div>\n\t<\/div>\n<\/div><\/div>[\/vc_column][vc_column width=\u00bb1\/3&#8243;][vc_empty_space height=\u00bb100px\u00bb][vc_column_text]<\/p>\n<h6>Direcci\u00f3n<\/h6>\n<p>[\/vc_column_text][vc_column_text]<\/p>\n<h5><a href=\"https:\/\/www.google.com\/maps\/place\/Tardet+-+Estudi+creatiu+i+estrat%C3%A8gic\/@41.1453555,0.81852,15z\/data=!4m6!3m5!1s0x28324ec048b0613d:0xd7113991336e2e48!8m2!3d41.1453555!4d0.81852!16s%2Fg%2F11kpnb613q?entry=ttu\" target=\"_blank\" rel=\"noopener\">Coworking Els Rentadors.<br \/>\nCarrer de Davall, 1, Porta 1A, 43730 Falset, Tarragona<\/a><\/h5>\n<p>[\/vc_column_text][vc_empty_space height=\u00bb15px\u00bb][vc_column_text]<\/p>\n<h6>Correo electr\u00f3nico<\/h6>\n<p>[\/vc_column_text][vc_column_text]<\/p>\n<h5><a href=\"mailto:hola@estuditardet.com\">hola@estuditardet.com<\/a><\/h5>\n<p>[\/vc_column_text][vc_empty_space height=\u00bb15px\u00bb][vc_column_text]<\/p>\n<h6>Tel\u00e9fono<\/h6>\n<p>[\/vc_column_text][vc_column_text]<\/p>\n<h5><a href=\"tel:+34618332244\">618 332 244<\/a><\/h5>\n<p>[\/vc_column_text][vc_empty_space height=\u00bb34px\u00bb][\/vc_column][\/vc_row][vc_row css=\u00bb.vc_custom_1718709748746{padding-bottom: 140px !important;}\u00bb][vc_column][vc_empty_space height=\u00bb60px\u00bb]<div class=\"qodef-elements-holder   qodef-one-column  qodef-responsive-mode-768 \" ><div class=\"qodef-eh-item    \"  data-item-class=\"qodef-eh-custom-5639\" data-1400-1600=\"0 11.8% 0 0\" data-1025-1399=\"0 9.8% 0 0\">\n\t<div class=\"qodef-eh-item-inner\">\n\t\t<div class=\"qodef-eh-item-content qodef-eh-custom-5639\" style=\"padding: 0 15.5% 0 0\">\n\t\t\t[vc_raw_html]JTNDaWZyYW1lJTIwc3JjJTNEJTIyaHR0cHMlM0ElMkYlMkZ3d3cuZ29vZ2xlLmNvbSUyRm1hcHMlMkZlbWJlZCUzRnBiJTNEJTIxMW0xNCUyMTFtOCUyMTFtMyUyMTFkMzAwNC41MjgxODk0NjM0NDk1JTIxMmQwLjgxNzA5MTYzMjY1Mzg1NzQlMjEzZDQxLjE0NDgyNDU5MTEyNjU5JTIxM20yJTIxMWkxMDI0JTIxMmk3NjglMjE0ZjEzLjElMjEzbTMlMjExbTIlMjExczB4MjgzMjRlYzA0OGIwNjEzZCUyNTNBMHhkNzExMzk5MTMzNmUyZTQ4JTIxMnNUYXJkZXQlMjUyMC0lMjUyMEVzdHVkaSUyNTIwY3JlYXRpdSUyNTIwaSUyNTIwZXN0cmF0JTI1QzMlMjVBOGdpYyUyMTVlMCUyMTNtMiUyMTFzZXMlMjEyc2VzJTIxNHYxNzAxOTU4MTY4OTk4JTIxNW0yJTIxMXNlcyUyMTJzZXMlMjIlMjB3aWR0aCUzRCUyMjEwMCUyNSUyMiUyMGhlaWdodCUzRCUyMjYwMCUyMiUyMHN0eWxlJTNEJTIyYm9yZGVyJTNBMCUzQiUyMiUyMGFsbG93ZnVsbHNjcmVlbiUzRCUyMiUyMiUyMGxvYWRpbmclM0QlMjJsYXp5JTIyJTIwcmVmZXJyZXJwb2xpY3klM0QlMjJuby1yZWZlcnJlci13aGVuLWRvd25ncmFkZSUyMiUzRSUzQyUyRmlmcmFtZSUzRQ==[\/vc_raw_html]\t\t<\/div>\n\t<\/div>\n<\/div><\/div>[\/vc_column][\/vc_row]<\/p>\n<\/div>","protected":false},"excerpt":{"rendered":"<p>[vc_row row_content_width=\u00bbgrid\u00bb][vc_column width=\u00bb2\/3&#8243;][\/vc_column][vc_column width=\u00bb1\/3&#8243;][vc_empty_space height=\u00bb100px\u00bb][vc_column_text] Direcci\u00f3n [\/vc_column_text][vc_column_text] Coworking Els Rentadors. Carrer de Davall, 1, Porta 1A, 43730 Falset, Tarragona [\/vc_column_text][vc_empty_space [&hellip;]<\/p>\n","protected":false},"author":1,"featured_media":0,"parent":0,"menu_order":0,"comment_status":"closed","ping_status":"closed","template":"full-width.php","meta":{"inline_featured_image":false,"footnotes":""},"class_list":["post-3949","page","type-page","status-publish","hentry"],"yoast_head":"<!-- This site is optimized with the Yoast SEO plugin v27.4 - https:\/\/yoast.com\/product\/yoast-seo-wordpress\/ -->\n<title>Contacto - Estudi Tardet<\/title>\n<meta name=\"robots\" content=\"index, follow, max-snippet:-1, max-image-preview:large, max-video-preview:-1\" \/>\n<link rel=\"canonical\" href=\"https:\/\/estuditardet.com\/es\/contacto\/\" \/>\n<meta property=\"og:locale\" content=\"es_ES\" \/>\n<meta property=\"og:type\" content=\"article\" \/>\n<meta property=\"og:title\" content=\"Contacto - Estudi Tardet\" \/>\n<meta property=\"og:description\" content=\"[vc_row row_content_width=\u00bbgrid\u00bb][vc_column width=\u00bb2\/3&#8243;][\/vc_column][vc_column width=\u00bb1\/3&#8243;][vc_empty_space height=\u00bb100px\u00bb][vc_column_text] Direcci\u00f3n [\/vc_column_text][vc_column_text] Coworking Els Rentadors. Carrer de Davall, 1, Porta 1A, 43730 Falset, Tarragona [\/vc_column_text][vc_empty_space [&hellip;]\" \/>\n<meta property=\"og:url\" content=\"https:\/\/estuditardet.com\/es\/contacto\/\" \/>\n<meta property=\"og:site_name\" content=\"Estudi Tardet\" \/>\n<meta property=\"article:publisher\" content=\"https:\/\/www.facebook.com\/tardetestudi\/\" \/>\n<meta property=\"article:modified_time\" content=\"2024-06-18T11:22:45+00:00\" \/>\n<meta property=\"og:image\" content=\"https:\/\/estuditardet.com\/wp-content\/uploads\/2024\/01\/tardet-logoTH.png\" \/>\n\t<meta property=\"og:image:width\" content=\"250\" \/>\n\t<meta property=\"og:image:height\" content=\"45\" \/>\n\t<meta property=\"og:image:type\" content=\"image\/png\" \/>\n<meta name=\"twitter:card\" content=\"summary_large_image\" \/>\n<meta name=\"twitter:label1\" content=\"Tiempo de lectura\" \/>\n\t<meta name=\"twitter:data1\" content=\"1 minuto\" \/>\n<script type=\"application\/ld+json\" class=\"yoast-schema-graph\">{\"@context\":\"https:\\\/\\\/schema.org\",\"@graph\":[{\"@type\":\"WebPage\",\"@id\":\"https:\\\/\\\/estuditardet.com\\\/es\\\/contacto\\\/\",\"url\":\"https:\\\/\\\/estuditardet.com\\\/es\\\/contacto\\\/\",\"name\":\"Contacto - Estudi Tardet\",\"isPartOf\":{\"@id\":\"https:\\\/\\\/estuditardet.com\\\/#website\"},\"datePublished\":\"2023-12-07T12:12:02+00:00\",\"dateModified\":\"2024-06-18T11:22:45+00:00\",\"breadcrumb\":{\"@id\":\"https:\\\/\\\/estuditardet.com\\\/es\\\/contacto\\\/#breadcrumb\"},\"inLanguage\":\"es\",\"potentialAction\":[{\"@type\":\"ReadAction\",\"target\":[\"https:\\\/\\\/estuditardet.com\\\/es\\\/contacto\\\/\"]}]},{\"@type\":\"BreadcrumbList\",\"@id\":\"https:\\\/\\\/estuditardet.com\\\/es\\\/contacto\\\/#breadcrumb\",\"itemListElement\":[{\"@type\":\"ListItem\",\"position\":1,\"name\":\"Inici\",\"item\":\"https:\\\/\\\/estuditardet.com\\\/es\\\/\"},{\"@type\":\"ListItem\",\"position\":2,\"name\":\"Contacto\"}]},{\"@type\":\"WebSite\",\"@id\":\"https:\\\/\\\/estuditardet.com\\\/#website\",\"url\":\"https:\\\/\\\/estuditardet.com\\\/\",\"name\":\"Estudi Tardet\",\"description\":\"Estudi creatiu i estrat&egrave;gic situat al Priorat\",\"publisher\":{\"@id\":\"https:\\\/\\\/estuditardet.com\\\/#organization\"},\"alternateName\":\"Tardet\",\"potentialAction\":[{\"@type\":\"SearchAction\",\"target\":{\"@type\":\"EntryPoint\",\"urlTemplate\":\"https:\\\/\\\/estuditardet.com\\\/?s={search_term_string}\"},\"query-input\":{\"@type\":\"PropertyValueSpecification\",\"valueRequired\":true,\"valueName\":\"search_term_string\"}}],\"inLanguage\":\"es\"},{\"@type\":\"Organization\",\"@id\":\"https:\\\/\\\/estuditardet.com\\\/#organization\",\"name\":\"Estudi Tardet\",\"alternateName\":\"Tardet\",\"url\":\"https:\\\/\\\/estuditardet.com\\\/\",\"logo\":{\"@type\":\"ImageObject\",\"inLanguage\":\"es\",\"@id\":\"https:\\\/\\\/estuditardet.com\\\/#\\\/schema\\\/logo\\\/image\\\/\",\"url\":\"https:\\\/\\\/estuditardet.com\\\/wp-content\\\/uploads\\\/2024\\\/01\\\/tardet-logoTH.png\",\"contentUrl\":\"https:\\\/\\\/estuditardet.com\\\/wp-content\\\/uploads\\\/2024\\\/01\\\/tardet-logoTH.png\",\"width\":250,\"height\":45,\"caption\":\"Estudi Tardet\"},\"image\":{\"@id\":\"https:\\\/\\\/estuditardet.com\\\/#\\\/schema\\\/logo\\\/image\\\/\"},\"sameAs\":[\"https:\\\/\\\/www.facebook.com\\\/tardetestudi\\\/\",\"https:\\\/\\\/www.instagram.com\\\/estuditardet\\\/\",\"https:\\\/\\\/www.linkedin.com\\\/company\\\/86707317\\\/admin\\\/feed\\\/posts\\\/\"]}]}<\/script>\n<!-- \/ Yoast SEO plugin. -->","yoast_head_json":{"title":"Contacto - Estudi Tardet","robots":{"index":"index","follow":"follow","max-snippet":"max-snippet:-1","max-image-preview":"max-image-preview:large","max-video-preview":"max-video-preview:-1"},"canonical":"https:\/\/estuditardet.com\/es\/contacto\/","og_locale":"es_ES","og_type":"article","og_title":"Contacto - Estudi Tardet","og_description":"[vc_row row_content_width=\u00bbgrid\u00bb][vc_column width=\u00bb2\/3&#8243;][\/vc_column][vc_column width=\u00bb1\/3&#8243;][vc_empty_space height=\u00bb100px\u00bb][vc_column_text] Direcci\u00f3n [\/vc_column_text][vc_column_text] Coworking Els Rentadors. Carrer de Davall, 1, Porta 1A, 43730 Falset, Tarragona [\/vc_column_text][vc_empty_space [&hellip;]","og_url":"https:\/\/estuditardet.com\/es\/contacto\/","og_site_name":"Estudi Tardet","article_publisher":"https:\/\/www.facebook.com\/tardetestudi\/","article_modified_time":"2024-06-18T11:22:45+00:00","og_image":[{"width":250,"height":45,"url":"https:\/\/estuditardet.com\/wp-content\/uploads\/2024\/01\/tardet-logoTH.png","type":"image\/png"}],"twitter_card":"summary_large_image","twitter_misc":{"Tiempo de lectura":"1 minuto"},"schema":{"@context":"https:\/\/schema.org","@graph":[{"@type":"WebPage","@id":"https:\/\/estuditardet.com\/es\/contacto\/","url":"https:\/\/estuditardet.com\/es\/contacto\/","name":"Contacto - Estudi Tardet","isPartOf":{"@id":"https:\/\/estuditardet.com\/#website"},"datePublished":"2023-12-07T12:12:02+00:00","dateModified":"2024-06-18T11:22:45+00:00","breadcrumb":{"@id":"https:\/\/estuditardet.com\/es\/contacto\/#breadcrumb"},"inLanguage":"es","potentialAction":[{"@type":"ReadAction","target":["https:\/\/estuditardet.com\/es\/contacto\/"]}]},{"@type":"BreadcrumbList","@id":"https:\/\/estuditardet.com\/es\/contacto\/#breadcrumb","itemListElement":[{"@type":"ListItem","position":1,"name":"Inici","item":"https:\/\/estuditardet.com\/es\/"},{"@type":"ListItem","position":2,"name":"Contacto"}]},{"@type":"WebSite","@id":"https:\/\/estuditardet.com\/#website","url":"https:\/\/estuditardet.com\/","name":"Estudi Tardet","description":"Estudi creatiu i estrat&egrave;gic situat al Priorat","publisher":{"@id":"https:\/\/estuditardet.com\/#organization"},"alternateName":"Tardet","potentialAction":[{"@type":"SearchAction","target":{"@type":"EntryPoint","urlTemplate":"https:\/\/estuditardet.com\/?s={search_term_string}"},"query-input":{"@type":"PropertyValueSpecification","valueRequired":true,"valueName":"search_term_string"}}],"inLanguage":"es"},{"@type":"Organization","@id":"https:\/\/estuditardet.com\/#organization","name":"Estudi Tardet","alternateName":"Tardet","url":"https:\/\/estuditardet.com\/","logo":{"@type":"ImageObject","inLanguage":"es","@id":"https:\/\/estuditardet.com\/#\/schema\/logo\/image\/","url":"https:\/\/estuditardet.com\/wp-content\/uploads\/2024\/01\/tardet-logoTH.png","contentUrl":"https:\/\/estuditardet.com\/wp-content\/uploads\/2024\/01\/tardet-logoTH.png","width":250,"height":45,"caption":"Estudi Tardet"},"image":{"@id":"https:\/\/estuditardet.com\/#\/schema\/logo\/image\/"},"sameAs":["https:\/\/www.facebook.com\/tardetestudi\/","https:\/\/www.instagram.com\/estuditardet\/","https:\/\/www.linkedin.com\/company\/86707317\/admin\/feed\/posts\/"]}]}},"_links":{"self":[{"href":"https:\/\/estuditardet.com\/es\/wp-json\/wp\/v2\/pages\/3949","targetHints":{"allow":["GET"]}}],"collection":[{"href":"https:\/\/estuditardet.com\/es\/wp-json\/wp\/v2\/pages"}],"about":[{"href":"https:\/\/estuditardet.com\/es\/wp-json\/wp\/v2\/types\/page"}],"author":[{"embeddable":true,"href":"https:\/\/estuditardet.com\/es\/wp-json\/wp\/v2\/users\/1"}],"replies":[{"embeddable":true,"href":"https:\/\/estuditardet.com\/es\/wp-json\/wp\/v2\/comments?post=3949"}],"version-history":[{"count":15,"href":"https:\/\/estuditardet.com\/es\/wp-json\/wp\/v2\/pages\/3949\/revisions"}],"predecessor-version":[{"id":5225,"href":"https:\/\/estuditardet.com\/es\/wp-json\/wp\/v2\/pages\/3949\/revisions\/5225"}],"wp:attachment":[{"href":"https:\/\/estuditardet.com\/es\/wp-json\/wp\/v2\/media?parent=3949"}],"curies":[{"name":"wp","href":"https:\/\/api.w.org\/{rel}","templated":true}]}}